{"id":1225,"date":"2025-07-29T11:47:32","date_gmt":"2025-07-29T09:47:32","guid":{"rendered":"https:\/\/www.park-kringa.com\/kolacici\/"},"modified":"2025-08-01T21:33:31","modified_gmt":"2025-08-01T19:33:31","slug":"kolacici","status":"publish","type":"page","link":"https:\/\/www.park-kringa.com\/hr\/kolacici\/","title":{"rendered":"Kola\u010di\u0107i"},"content":{"rendered":"\n<style>\n    a.cky-banner-element {\n        padding: 8px 30px;\n        background: #F8F9FA;\n        color: #858A8F;\n        border: 1px solid #DEE2E6;\n        box-sizing: border-box;\n        border-radius: 2px;\n        cursor: pointer;\n}\n<\/style>\n<p>\n Datum stupanja na snagu: 29. srpnja 2025. <br\/> posljednje a\u017euriranje: 29. srpnja 2025.\n<\/p>\n\n \n<h5>\u0160to su kola\u010di\u0107i?<\/h5>\n<div class=\"cookie-policy-p\"><p>Ova Pravila o kola\u010di\u0107ima obja\u0161njavaju \u0161to su kola\u010di\u0107i i kako ih koristimo, vrste kola\u010di\u0107a koje koristimo, tj. informacije koje prikupljamo pomo\u0107u kola\u010di\u0107a i kako se te informacije koriste, te kako upravljati postavkama kola\u010di\u0107a.<\/p> <p>Kola\u010di\u0107i su male tekstualne datoteke koje se koriste za pohranu malih dijelova informacija. Pohranjuju se na va\u0161em ure\u0111aju kada se web stranica u\u010dita u va\u0161 preglednik. Ovi kola\u010di\u0107i nam poma\u017eu da web stranica ispravno funkcionira, da bude sigurnija, pru\u017ea bolje korisni\u010dko iskustvo, te da razumijemo kako web stranica radi i analiziramo \u0161to funkcionira i gdje je potrebno pobolj\u0161anje.<\/p><\/div>\n\n \n<h5>Kako koristimo kola\u010di\u0107e?<\/h5>\n<div class=\"cookie-policy-p\"><p>Kao ve\u0107ina online usluga, na\u0161a web stranica koristi kola\u010di\u0107e prve i tre\u0107e strane za nekoliko svrha. Kola\u010di\u0107i prve strane uglavnom su potrebni da bi web stranica ispravno funkcionirala i ne prikupljaju nikakve va\u0161e osobne podatke.<\/p> <p>Kola\u010di\u0107i tre\u0107e strane koji se koriste na na\u0161oj web stranici uglavnom slu\u017ee za razumijevanje kako web stranica radi, kako komunicirate s na\u0161om web stranicom, odr\u017eavanje sigurnosti na\u0161ih usluga, pru\u017eanje oglasa koji su relevantni za vas, te sveukupno pru\u017eanje boljeg i pobolj\u0161anog korisni\u010dkog iskustva i ubrzavanje va\u0161ih budu\u0107ih interakcija s na\u0161om web stranicom.<\/p><\/div>\n\n \n    <h5>Vrste kola\u010di\u0107a koje koristimo<\/h5>\n\n    <div class=\"cky-audit-table-element\"><\/div>\n\n \n    <h5 style=\"margin-bottom:20px;\">Upravljanje postavkama kola\u010di\u0107a<\/h5>\n\n    <a class=\"cky-banner-element\">Postavke kola\u010di\u0107a<\/a> <br\/>\n    <div><p>Mo\u017eete promijeniti svoje postavke kola\u010di\u0107a u bilo kojem trenutku klikom na gornji gumb. Ovo \u0107e vam omogu\u0107iti da ponovno posjetite banner za suglasnost kola\u010di\u0107a i promijenite svoje postavke ili odmah povu\u010dete svoju suglasnost. <\/p> <p>Osim toga, razli\u010diti preglednici pru\u017eaju razli\u010dite metode za blokiranje i brisanje kola\u010di\u0107a koje koriste web stranice. Mo\u017eete promijeniti postavke svog preglednika kako biste blokirali\/izbrisali kola\u010di\u0107e. Ispod su navedene poveznice na dokumente podr\u0161ke o tome kako upravljati i brisati kola\u010di\u0107e iz glavnih web preglednika.<\/p> <p>Chrome: <a target=\"_blank\" href=\"https:\/\/support.google.com\/accounts\/answer\/32050\">https:\/\/support.google.com\/accounts\/answer\/32050<\/a><\/p><p>Safari: <a target=\"_blank\" href=\"https:\/\/support.apple.com\/en-in\/guide\/safari\/sfri11471\/mac\">https:\/\/support.apple.com\/en-in\/guide\/safari\/sfri11471\/mac<\/a><\/p><p>Firefox: <a target=\"_blank\" href=\"https:\/\/support.mozilla.org\/en-US\/kb\/clear-cookies-and-site-data-firefox?redirectslug=delete-cookies-remove-info-websites-stored&#038;redirectlocale=en-US\">https:\/\/support.mozilla.org\/en-US\/kb\/clear-cookies-and-site-data-firefox?redirectslug=delete-cookies-remove-info-websites-stored&#038;redirectlocale=en-US<\/a><\/p><p>Internet Explorer: <a target=\"_blank\" href=\"https:\/\/support.microsoft.com\/en-us\/topic\/how-to-delete-cookie-files-in-internet-explorer-bca9446f-d873-78de-77ba-d42645fa52fc\">https:\/\/support.microsoft.com\/en-us\/topic\/how-to-delete-cookie-files-in-internet-explorer-bca9446f-d873-78de-77ba-d42645fa52fc<\/a><\/p><p>Ako koristite bilo koji drugi web preglednik, posjetite slu\u017ebene dokumente podr\u0161ke va\u0161eg preglednika.<\/p><\/div>\n\n","protected":false},"excerpt":{"rendered":"<p>Datum stupanja na snagu: 29. srpnja 2025. posljednje a\u017euriranje: 29. srpnja 2025. \u0160to su kola\u010di\u0107i? Ova Pravila o kola\u010di\u0107ima obja\u0161njavaju \u0161to su kola\u010di\u0107i i kako ih koristimo, vrste kola\u010di\u0107a koje koristimo, tj. informacije koje prikupljamo pomo\u0107u kola\u010di\u0107a i kako se te informacije koriste, te kako upravljati postavkama kola\u010di\u0107a. Kola\u010di\u0107i su male tekstualne datoteke koje se&hellip;<\/p>\n","protected":false},"author":1,"featured_media":0,"parent":0,"menu_order":0,"comment_status":"closed","ping_status":"closed","template":"","meta":{"footnotes":""},"class_list":["post-1225","page","type-page","status-publish","hentry"],"yoast_head":"<!-- This site is optimized with the Yoast SEO plugin v27.2 - https:\/\/yoast.com\/product\/yoast-seo-wordpress\/ -->\n<title>Kola\u010di\u0107i - Adrenalin Park Kringa<\/title>\n<meta name=\"robots\" content=\"index, follow, max-snippet:-1, max-image-preview:large, max-video-preview:-1\" \/>\n<link rel=\"canonical\" href=\"https:\/\/www.park-kringa.com\/hr\/kolacici\/\" \/>\n<meta property=\"og:locale\" content=\"hr_HR\" \/>\n<meta property=\"og:type\" content=\"article\" \/>\n<meta property=\"og:title\" content=\"Kola\u010di\u0107i - Adrenalin Park Kringa\" \/>\n<meta property=\"og:description\" content=\"Datum stupanja na snagu: 29. srpnja 2025. posljednje a\u017euriranje: 29. srpnja 2025. \u0160to su kola\u010di\u0107i? Ova Pravila o kola\u010di\u0107ima obja\u0161njavaju \u0161to su kola\u010di\u0107i i kako ih koristimo, vrste kola\u010di\u0107a koje koristimo, tj. informacije koje prikupljamo pomo\u0107u kola\u010di\u0107a i kako se te informacije koriste, te kako upravljati postavkama kola\u010di\u0107a. Kola\u010di\u0107i su male tekstualne datoteke koje se&hellip;\" \/>\n<meta property=\"og:url\" content=\"https:\/\/www.park-kringa.com\/hr\/kolacici\/\" \/>\n<meta property=\"og:site_name\" content=\"Adrenalin Park Kringa\" \/>\n<meta property=\"article:modified_time\" content=\"2025-08-01T19:33:31+00:00\" \/>\n<meta name=\"twitter:card\" content=\"summary_large_image\" \/>\n<meta name=\"twitter:label1\" content=\"Procijenjeno vrijeme \u010ditanja\" \/>\n\t<meta name=\"twitter:data1\" content=\"2 minute\" \/>\n<script type=\"application\/ld+json\" class=\"yoast-schema-graph\">{\"@context\":\"https:\/\/schema.org\",\"@graph\":[{\"@type\":\"WebPage\",\"@id\":\"https:\/\/www.park-kringa.com\/hr\/kolacici\/\",\"url\":\"https:\/\/www.park-kringa.com\/hr\/kolacici\/\",\"name\":\"Kola\u010di\u0107i - Adrenalin Park Kringa\",\"isPartOf\":{\"@id\":\"https:\/\/www.park-kringa.com\/hr\/#website\"},\"datePublished\":\"2025-07-29T09:47:32+00:00\",\"dateModified\":\"2025-08-01T19:33:31+00:00\",\"breadcrumb\":{\"@id\":\"https:\/\/www.park-kringa.com\/hr\/kolacici\/#breadcrumb\"},\"inLanguage\":\"hr\",\"potentialAction\":[{\"@type\":\"ReadAction\",\"target\":[\"https:\/\/www.park-kringa.com\/hr\/kolacici\/\"]}]},{\"@type\":\"BreadcrumbList\",\"@id\":\"https:\/\/www.park-kringa.com\/hr\/kolacici\/#breadcrumb\",\"itemListElement\":[{\"@type\":\"ListItem\",\"position\":1,\"name\":\"Home\",\"item\":\"https:\/\/www.park-kringa.com\/hr\/\"},{\"@type\":\"ListItem\",\"position\":2,\"name\":\"Kola\u010di\u0107i\"}]},{\"@type\":\"WebSite\",\"@id\":\"https:\/\/www.park-kringa.com\/hr\/#website\",\"url\":\"https:\/\/www.park-kringa.com\/hr\/\",\"name\":\"Adrenalin Park Kringa\",\"description\":\"Family Adventure Park\",\"publisher\":{\"@id\":\"https:\/\/www.park-kringa.com\/hr\/#organization\"},\"potentialAction\":[{\"@type\":\"SearchAction\",\"target\":{\"@type\":\"EntryPoint\",\"urlTemplate\":\"https:\/\/www.park-kringa.com\/hr\/?s={search_term_string}\"},\"query-input\":{\"@type\":\"PropertyValueSpecification\",\"valueRequired\":true,\"valueName\":\"search_term_string\"}}],\"inLanguage\":\"hr\"},{\"@type\":\"Organization\",\"@id\":\"https:\/\/www.park-kringa.com\/hr\/#organization\",\"name\":\"Adrenalin Park Kringa\",\"url\":\"https:\/\/www.park-kringa.com\/hr\/\",\"logo\":{\"@type\":\"ImageObject\",\"inLanguage\":\"hr\",\"@id\":\"https:\/\/www.park-kringa.com\/hr\/#\/schema\/logo\/image\/\",\"url\":\"https:\/\/www.park-kringa.com\/wp-content\/uploads\/2022\/06\/cropped-LOGO-APK-BEZ-POZADINE-e1655197137670-1.png\",\"contentUrl\":\"https:\/\/www.park-kringa.com\/wp-content\/uploads\/2022\/06\/cropped-LOGO-APK-BEZ-POZADINE-e1655197137670-1.png\",\"width\":345,\"height\":369,\"caption\":\"Adrenalin Park Kringa\"},\"image\":{\"@id\":\"https:\/\/www.park-kringa.com\/hr\/#\/schema\/logo\/image\/\"}}]}<\/script>\n<!-- \/ Yoast SEO plugin. -->","yoast_head_json":{"title":"Kola\u010di\u0107i - Adrenalin Park Kringa","robots":{"index":"index","follow":"follow","max-snippet":"max-snippet:-1","max-image-preview":"max-image-preview:large","max-video-preview":"max-video-preview:-1"},"canonical":"https:\/\/www.park-kringa.com\/hr\/kolacici\/","og_locale":"hr_HR","og_type":"article","og_title":"Kola\u010di\u0107i - Adrenalin Park Kringa","og_description":"Datum stupanja na snagu: 29. srpnja 2025. posljednje a\u017euriranje: 29. srpnja 2025. \u0160to su kola\u010di\u0107i? Ova Pravila o kola\u010di\u0107ima obja\u0161njavaju \u0161to su kola\u010di\u0107i i kako ih koristimo, vrste kola\u010di\u0107a koje koristimo, tj. informacije koje prikupljamo pomo\u0107u kola\u010di\u0107a i kako se te informacije koriste, te kako upravljati postavkama kola\u010di\u0107a. Kola\u010di\u0107i su male tekstualne datoteke koje se&hellip;","og_url":"https:\/\/www.park-kringa.com\/hr\/kolacici\/","og_site_name":"Adrenalin Park Kringa","article_modified_time":"2025-08-01T19:33:31+00:00","twitter_card":"summary_large_image","twitter_misc":{"Procijenjeno vrijeme \u010ditanja":"2 minute"},"schema":{"@context":"https:\/\/schema.org","@graph":[{"@type":"WebPage","@id":"https:\/\/www.park-kringa.com\/hr\/kolacici\/","url":"https:\/\/www.park-kringa.com\/hr\/kolacici\/","name":"Kola\u010di\u0107i - Adrenalin Park Kringa","isPartOf":{"@id":"https:\/\/www.park-kringa.com\/hr\/#website"},"datePublished":"2025-07-29T09:47:32+00:00","dateModified":"2025-08-01T19:33:31+00:00","breadcrumb":{"@id":"https:\/\/www.park-kringa.com\/hr\/kolacici\/#breadcrumb"},"inLanguage":"hr","potentialAction":[{"@type":"ReadAction","target":["https:\/\/www.park-kringa.com\/hr\/kolacici\/"]}]},{"@type":"BreadcrumbList","@id":"https:\/\/www.park-kringa.com\/hr\/kolacici\/#breadcrumb","itemListElement":[{"@type":"ListItem","position":1,"name":"Home","item":"https:\/\/www.park-kringa.com\/hr\/"},{"@type":"ListItem","position":2,"name":"Kola\u010di\u0107i"}]},{"@type":"WebSite","@id":"https:\/\/www.park-kringa.com\/hr\/#website","url":"https:\/\/www.park-kringa.com\/hr\/","name":"Adrenalin Park Kringa","description":"Family Adventure Park","publisher":{"@id":"https:\/\/www.park-kringa.com\/hr\/#organization"},"potentialAction":[{"@type":"SearchAction","target":{"@type":"EntryPoint","urlTemplate":"https:\/\/www.park-kringa.com\/hr\/?s={search_term_string}"},"query-input":{"@type":"PropertyValueSpecification","valueRequired":true,"valueName":"search_term_string"}}],"inLanguage":"hr"},{"@type":"Organization","@id":"https:\/\/www.park-kringa.com\/hr\/#organization","name":"Adrenalin Park Kringa","url":"https:\/\/www.park-kringa.com\/hr\/","logo":{"@type":"ImageObject","inLanguage":"hr","@id":"https:\/\/www.park-kringa.com\/hr\/#\/schema\/logo\/image\/","url":"https:\/\/www.park-kringa.com\/wp-content\/uploads\/2022\/06\/cropped-LOGO-APK-BEZ-POZADINE-e1655197137670-1.png","contentUrl":"https:\/\/www.park-kringa.com\/wp-content\/uploads\/2022\/06\/cropped-LOGO-APK-BEZ-POZADINE-e1655197137670-1.png","width":345,"height":369,"caption":"Adrenalin Park Kringa"},"image":{"@id":"https:\/\/www.park-kringa.com\/hr\/#\/schema\/logo\/image\/"}}]}},"_links":{"self":[{"href":"https:\/\/www.park-kringa.com\/hr\/wp-json\/wp\/v2\/pages\/1225","targetHints":{"allow":["GET"]}}],"collection":[{"href":"https:\/\/www.park-kringa.com\/hr\/wp-json\/wp\/v2\/pages"}],"about":[{"href":"https:\/\/www.park-kringa.com\/hr\/wp-json\/wp\/v2\/types\/page"}],"author":[{"embeddable":true,"href":"https:\/\/www.park-kringa.com\/hr\/wp-json\/wp\/v2\/users\/1"}],"replies":[{"embeddable":true,"href":"https:\/\/www.park-kringa.com\/hr\/wp-json\/wp\/v2\/comments?post=1225"}],"version-history":[{"count":0,"href":"https:\/\/www.park-kringa.com\/hr\/wp-json\/wp\/v2\/pages\/1225\/revisions"}],"wp:attachment":[{"href":"https:\/\/www.park-kringa.com\/hr\/wp-json\/wp\/v2\/media?parent=1225"}],"curies":[{"name":"wp","href":"https:\/\/api.w.org\/{rel}","templated":true}]}}