{"id":1221,"date":"2025-07-29T12:11:47","date_gmt":"2025-07-29T10:11:47","guid":{"rendered":"https:\/\/www.park-kringa.com\/impressum\/"},"modified":"2025-08-01T21:33:14","modified_gmt":"2025-08-01T19:33:14","slug":"impressum","status":"publish","type":"page","link":"https:\/\/www.park-kringa.com\/hr\/impressum\/","title":{"rendered":"Impressum"},"content":{"rendered":"\n<p><strong>Vlasnik web stranice \/ Pru\u017eatelj usluga:<\/strong><br\/><strong>BRATULI\u0106, obrt za usluge u turizmu i gra\u0111evini<\/strong><br\/>Vlasnik: <strong>Katarina Bratuli\u0107<\/strong><br\/>Poslovna adresa: <strong>Ku\u010di\u0107i 108, 52444 Tinjan, Hrvatska<\/strong><br\/>OIB: <strong>28273405125<\/strong><br\/>MBS: <strong>91645999<\/strong><\/p>\n\n<p><strong>Kontakt informacije:<\/strong><br\/>Telefon: <strong>+385 91 784 9934<\/strong><br\/>Email: <strong><a href=\"mailto:park.kringa@gmail.com\">park.kringa@gmail.com<\/a><\/strong><br\/>Web stranica: <strong><a href=\"https:\/\/www.park-kringa.com\/hr\/\">https:\/\/www.park-kringa.com<\/a><\/strong><\/p>\n\n<p><strong>Nadzorno tijelo:<\/strong><br\/>Ministarstvo gospodarstva i odr\u017eivog razvoja Republike Hrvatske<br\/>Trg senjskih uskoka 1\u20132, 10000 Zagreb<br\/><a href=\"https:\/\/mingor.gov.hr\/\">https:\/\/mingor.gov.hr<\/a><\/p>\n\n<p><strong>\u010clanstvo u komori:<\/strong><br\/>Registriran u Obrtnom registru Hrvatske<br\/>\u010clan Hrvatske obrtni\u010dke komore (HOK)<\/p>\n\n<p><strong>Odgovorna osoba za sadr\u017eaj (prema \u00a7 5 TMG \/ EU direktivi):<\/strong><br\/>Katarina Bratuli\u0107<\/p>\n","protected":false},"excerpt":{"rendered":"<p>Vlasnik web stranice \/ Pru\u017eatelj usluga:BRATULI\u0106, obrt za usluge u turizmu i gra\u0111eviniVlasnik: Katarina Bratuli\u0107Poslovna adresa: Ku\u010di\u0107i 108, 52444 Tinjan, HrvatskaOIB: 28273405125MBS: 91645999 Kontakt informacije:Telefon: +385 91 784 9934Email: park.kringa@gmail.comWeb stranica: https:\/\/www.park-kringa.com Nadzorno tijelo:Ministarstvo gospodarstva i odr\u017eivog razvoja Republike HrvatskeTrg senjskih uskoka 1\u20132, 10000 Zagrebhttps:\/\/mingor.gov.hr \u010clanstvo u komori:Registriran u Obrtnom registru Hrvatske\u010clan Hrvatske obrtni\u010dke komore&hellip;<\/p>\n","protected":false},"author":1,"featured_media":0,"parent":0,"menu_order":0,"comment_status":"closed","ping_status":"closed","template":"","meta":{"footnotes":""},"class_list":["post-1221","page","type-page","status-publish","hentry"],"yoast_head":"<!-- This site is optimized with the Yoast SEO plugin v27.2 - https:\/\/yoast.com\/product\/yoast-seo-wordpress\/ -->\n<title>Impressum - Adrenalin Park Kringa<\/title>\n<meta name=\"robots\" content=\"index, follow, max-snippet:-1, max-image-preview:large, max-video-preview:-1\" \/>\n<link rel=\"canonical\" href=\"https:\/\/www.park-kringa.com\/hr\/impressum\/\" \/>\n<meta property=\"og:locale\" content=\"hr_HR\" \/>\n<meta property=\"og:type\" content=\"article\" \/>\n<meta property=\"og:title\" content=\"Impressum - Adrenalin Park Kringa\" \/>\n<meta property=\"og:description\" content=\"Vlasnik web stranice \/ Pru\u017eatelj usluga:BRATULI\u0106, obrt za usluge u turizmu i gra\u0111eviniVlasnik: Katarina Bratuli\u0107Poslovna adresa: Ku\u010di\u0107i 108, 52444 Tinjan, HrvatskaOIB: 28273405125MBS: 91645999 Kontakt informacije:Telefon: +385 91 784 9934Email: park.kringa@gmail.comWeb stranica: https:\/\/www.park-kringa.com Nadzorno tijelo:Ministarstvo gospodarstva i odr\u017eivog razvoja Republike HrvatskeTrg senjskih uskoka 1\u20132, 10000 Zagrebhttps:\/\/mingor.gov.hr \u010clanstvo u komori:Registriran u Obrtnom registru Hrvatske\u010clan Hrvatske obrtni\u010dke komore&hellip;\" \/>\n<meta property=\"og:url\" content=\"https:\/\/www.park-kringa.com\/hr\/impressum\/\" \/>\n<meta property=\"og:site_name\" content=\"Adrenalin Park Kringa\" \/>\n<meta property=\"article:modified_time\" content=\"2025-08-01T19:33:14+00:00\" \/>\n<meta name=\"twitter:card\" content=\"summary_large_image\" \/>\n<script type=\"application\/ld+json\" class=\"yoast-schema-graph\">{\"@context\":\"https:\/\/schema.org\",\"@graph\":[{\"@type\":\"WebPage\",\"@id\":\"https:\/\/www.park-kringa.com\/hr\/impressum\/\",\"url\":\"https:\/\/www.park-kringa.com\/hr\/impressum\/\",\"name\":\"Impressum - Adrenalin Park Kringa\",\"isPartOf\":{\"@id\":\"https:\/\/www.park-kringa.com\/hr\/#website\"},\"datePublished\":\"2025-07-29T10:11:47+00:00\",\"dateModified\":\"2025-08-01T19:33:14+00:00\",\"breadcrumb\":{\"@id\":\"https:\/\/www.park-kringa.com\/hr\/impressum\/#breadcrumb\"},\"inLanguage\":\"hr\",\"potentialAction\":[{\"@type\":\"ReadAction\",\"target\":[\"https:\/\/www.park-kringa.com\/hr\/impressum\/\"]}]},{\"@type\":\"BreadcrumbList\",\"@id\":\"https:\/\/www.park-kringa.com\/hr\/impressum\/#breadcrumb\",\"itemListElement\":[{\"@type\":\"ListItem\",\"position\":1,\"name\":\"Home\",\"item\":\"https:\/\/www.park-kringa.com\/hr\/\"},{\"@type\":\"ListItem\",\"position\":2,\"name\":\"Impressum\"}]},{\"@type\":\"WebSite\",\"@id\":\"https:\/\/www.park-kringa.com\/hr\/#website\",\"url\":\"https:\/\/www.park-kringa.com\/hr\/\",\"name\":\"Adrenalin Park Kringa\",\"description\":\"Family Adventure Park\",\"publisher\":{\"@id\":\"https:\/\/www.park-kringa.com\/hr\/#organization\"},\"potentialAction\":[{\"@type\":\"SearchAction\",\"target\":{\"@type\":\"EntryPoint\",\"urlTemplate\":\"https:\/\/www.park-kringa.com\/hr\/?s={search_term_string}\"},\"query-input\":{\"@type\":\"PropertyValueSpecification\",\"valueRequired\":true,\"valueName\":\"search_term_string\"}}],\"inLanguage\":\"hr\"},{\"@type\":\"Organization\",\"@id\":\"https:\/\/www.park-kringa.com\/hr\/#organization\",\"name\":\"Adrenalin Park Kringa\",\"url\":\"https:\/\/www.park-kringa.com\/hr\/\",\"logo\":{\"@type\":\"ImageObject\",\"inLanguage\":\"hr\",\"@id\":\"https:\/\/www.park-kringa.com\/hr\/#\/schema\/logo\/image\/\",\"url\":\"https:\/\/www.park-kringa.com\/wp-content\/uploads\/2022\/06\/cropped-LOGO-APK-BEZ-POZADINE-e1655197137670-1.png\",\"contentUrl\":\"https:\/\/www.park-kringa.com\/wp-content\/uploads\/2022\/06\/cropped-LOGO-APK-BEZ-POZADINE-e1655197137670-1.png\",\"width\":345,\"height\":369,\"caption\":\"Adrenalin Park Kringa\"},\"image\":{\"@id\":\"https:\/\/www.park-kringa.com\/hr\/#\/schema\/logo\/image\/\"}}]}<\/script>\n<!-- \/ Yoast SEO plugin. -->","yoast_head_json":{"title":"Impressum - Adrenalin Park Kringa","robots":{"index":"index","follow":"follow","max-snippet":"max-snippet:-1","max-image-preview":"max-image-preview:large","max-video-preview":"max-video-preview:-1"},"canonical":"https:\/\/www.park-kringa.com\/hr\/impressum\/","og_locale":"hr_HR","og_type":"article","og_title":"Impressum - Adrenalin Park Kringa","og_description":"Vlasnik web stranice \/ Pru\u017eatelj usluga:BRATULI\u0106, obrt za usluge u turizmu i gra\u0111eviniVlasnik: Katarina Bratuli\u0107Poslovna adresa: Ku\u010di\u0107i 108, 52444 Tinjan, HrvatskaOIB: 28273405125MBS: 91645999 Kontakt informacije:Telefon: +385 91 784 9934Email: park.kringa@gmail.comWeb stranica: https:\/\/www.park-kringa.com Nadzorno tijelo:Ministarstvo gospodarstva i odr\u017eivog razvoja Republike HrvatskeTrg senjskih uskoka 1\u20132, 10000 Zagrebhttps:\/\/mingor.gov.hr \u010clanstvo u komori:Registriran u Obrtnom registru Hrvatske\u010clan Hrvatske obrtni\u010dke komore&hellip;","og_url":"https:\/\/www.park-kringa.com\/hr\/impressum\/","og_site_name":"Adrenalin Park Kringa","article_modified_time":"2025-08-01T19:33:14+00:00","twitter_card":"summary_large_image","schema":{"@context":"https:\/\/schema.org","@graph":[{"@type":"WebPage","@id":"https:\/\/www.park-kringa.com\/hr\/impressum\/","url":"https:\/\/www.park-kringa.com\/hr\/impressum\/","name":"Impressum - Adrenalin Park Kringa","isPartOf":{"@id":"https:\/\/www.park-kringa.com\/hr\/#website"},"datePublished":"2025-07-29T10:11:47+00:00","dateModified":"2025-08-01T19:33:14+00:00","breadcrumb":{"@id":"https:\/\/www.park-kringa.com\/hr\/impressum\/#breadcrumb"},"inLanguage":"hr","potentialAction":[{"@type":"ReadAction","target":["https:\/\/www.park-kringa.com\/hr\/impressum\/"]}]},{"@type":"BreadcrumbList","@id":"https:\/\/www.park-kringa.com\/hr\/impressum\/#breadcrumb","itemListElement":[{"@type":"ListItem","position":1,"name":"Home","item":"https:\/\/www.park-kringa.com\/hr\/"},{"@type":"ListItem","position":2,"name":"Impressum"}]},{"@type":"WebSite","@id":"https:\/\/www.park-kringa.com\/hr\/#website","url":"https:\/\/www.park-kringa.com\/hr\/","name":"Adrenalin Park Kringa","description":"Family Adventure Park","publisher":{"@id":"https:\/\/www.park-kringa.com\/hr\/#organization"},"potentialAction":[{"@type":"SearchAction","target":{"@type":"EntryPoint","urlTemplate":"https:\/\/www.park-kringa.com\/hr\/?s={search_term_string}"},"query-input":{"@type":"PropertyValueSpecification","valueRequired":true,"valueName":"search_term_string"}}],"inLanguage":"hr"},{"@type":"Organization","@id":"https:\/\/www.park-kringa.com\/hr\/#organization","name":"Adrenalin Park Kringa","url":"https:\/\/www.park-kringa.com\/hr\/","logo":{"@type":"ImageObject","inLanguage":"hr","@id":"https:\/\/www.park-kringa.com\/hr\/#\/schema\/logo\/image\/","url":"https:\/\/www.park-kringa.com\/wp-content\/uploads\/2022\/06\/cropped-LOGO-APK-BEZ-POZADINE-e1655197137670-1.png","contentUrl":"https:\/\/www.park-kringa.com\/wp-content\/uploads\/2022\/06\/cropped-LOGO-APK-BEZ-POZADINE-e1655197137670-1.png","width":345,"height":369,"caption":"Adrenalin Park Kringa"},"image":{"@id":"https:\/\/www.park-kringa.com\/hr\/#\/schema\/logo\/image\/"}}]}},"_links":{"self":[{"href":"https:\/\/www.park-kringa.com\/hr\/wp-json\/wp\/v2\/pages\/1221","targetHints":{"allow":["GET"]}}],"collection":[{"href":"https:\/\/www.park-kringa.com\/hr\/wp-json\/wp\/v2\/pages"}],"about":[{"href":"https:\/\/www.park-kringa.com\/hr\/wp-json\/wp\/v2\/types\/page"}],"author":[{"embeddable":true,"href":"https:\/\/www.park-kringa.com\/hr\/wp-json\/wp\/v2\/users\/1"}],"replies":[{"embeddable":true,"href":"https:\/\/www.park-kringa.com\/hr\/wp-json\/wp\/v2\/comments?post=1221"}],"version-history":[{"count":0,"href":"https:\/\/www.park-kringa.com\/hr\/wp-json\/wp\/v2\/pages\/1221\/revisions"}],"wp:attachment":[{"href":"https:\/\/www.park-kringa.com\/hr\/wp-json\/wp\/v2\/media?parent=1221"}],"curies":[{"name":"wp","href":"https:\/\/api.w.org\/{rel}","templated":true}]}}