{"id":1175,"date":"2022-06-14T09:32:08","date_gmt":"2022-06-14T07:32:08","guid":{"rendered":"https:\/\/www.park-kringa.com\/atrakcije\/"},"modified":"2025-08-01T13:44:29","modified_gmt":"2025-08-01T11:44:29","slug":"atrakcije","status":"publish","type":"page","link":"https:\/\/www.park-kringa.com\/hr\/atrakcije\/","title":{"rendered":"Atrakcije"},"content":{"rendered":"\t\t<div data-elementor-type=\"wp-page\" data-elementor-id=\"1175\" class=\"elementor elementor-1175 elementor-86\" data-elementor-post-type=\"page\">\n\t\t\t\t\t\t<section class=\"elementor-section elementor-top-section elementor-element elementor-element-32e4d577 elementor-section-height-min-height elementor-section-content-middle elementor-section-boxed elementor-section-height-default elementor-section-items-middle\" data-id=\"32e4d577\" data-element_type=\"section\" data-e-type=\"section\" data-settings=\"{&quot;background_background&quot;:&quot;classic&quot;}\">\n\t\t\t\t\t\t<div class=\"elementor-container elementor-column-gap-default\">\n\t\t\t\t\t<div class=\"elementor-column elementor-col-100 elementor-top-column elementor-element elementor-element-291e0e64\" data-id=\"291e0e64\" data-element_type=\"column\" data-e-type=\"column\">\n\t\t\t<div class=\"elementor-widget-wrap\">\n\t\t\t\t\t\t\t<\/div>\n\t\t<\/div>\n\t\t\t\t\t<\/div>\n\t\t<\/section>\n\t\t\t\t<section class=\"elementor-section elementor-top-section elementor-element elementor-element-5e14cee3 elementor-section-boxed elementor-section-height-default elementor-section-height-default\" data-id=\"5e14cee3\" data-element_type=\"section\" data-e-type=\"section\">\n\t\t\t\t\t\t<div class=\"elementor-container elementor-column-gap-no\">\n\t\t\t\t\t<div class=\"elementor-column elementor-col-100 elementor-top-column elementor-element elementor-element-19224b0a\" data-id=\"19224b0a\" data-element_type=\"column\" data-e-type=\"column\">\n\t\t\t<div class=\"elementor-widget-wrap elementor-element-populated\">\n\t\t\t\t\t\t<div class=\"elementor-element elementor-element-1a0153cb elementor-widget elementor-widget-text-editor\" data-id=\"1a0153cb\" data-element_type=\"widget\" data-e-type=\"widget\" data-widget_type=\"text-editor.default\">\n\t\t\t\t<div class=\"elementor-widget-container\">\n\t\t\t\t\t\t\t\t\t<h1>Atrakcije u parku<\/h1>\t\t\t\t\t\t\t\t<\/div>\n\t\t\t\t<\/div>\n\t\t\t\t<div class=\"elementor-element elementor-element-1852791 e-transform e-transform elementor-widget-divider--view-line elementor-widget elementor-widget-divider\" data-id=\"1852791\" data-element_type=\"widget\" data-e-type=\"widget\" data-settings=\"{&quot;_transform_rotateZ_effect&quot;:{&quot;unit&quot;:&quot;px&quot;,&quot;size&quot;:0,&quot;sizes&quot;:[]},&quot;_transform_translateX_effect&quot;:{&quot;unit&quot;:&quot;px&quot;,&quot;size&quot;:0,&quot;sizes&quot;:[]},&quot;_transform_translateY_effect&quot;:{&quot;unit&quot;:&quot;px&quot;,&quot;size&quot;:0,&quot;sizes&quot;:[]},&quot;_transform_rotateZ_effect_tablet&quot;:{&quot;unit&quot;:&quot;deg&quot;,&quot;size&quot;:&quot;&quot;,&quot;sizes&quot;:[]},&quot;_transform_rotateZ_effect_mobile&quot;:{&quot;unit&quot;:&quot;deg&quot;,&quot;size&quot;:&quot;&quot;,&quot;sizes&quot;:[]},&quot;_transform_translateX_effect_tablet&quot;:{&quot;unit&quot;:&quot;px&quot;,&quot;size&quot;:&quot;&quot;,&quot;sizes&quot;:[]},&quot;_transform_translateX_effect_mobile&quot;:{&quot;unit&quot;:&quot;px&quot;,&quot;size&quot;:&quot;&quot;,&quot;sizes&quot;:[]},&quot;_transform_translateY_effect_tablet&quot;:{&quot;unit&quot;:&quot;px&quot;,&quot;size&quot;:&quot;&quot;,&quot;sizes&quot;:[]},&quot;_transform_translateY_effect_mobile&quot;:{&quot;unit&quot;:&quot;px&quot;,&quot;size&quot;:&quot;&quot;,&quot;sizes&quot;:[]}}\" data-widget_type=\"divider.default\">\n\t\t\t\t<div class=\"elementor-widget-container\">\n\t\t\t\t\t\t\t<div class=\"elementor-divider\">\n\t\t\t<span class=\"elementor-divider-separator\">\n\t\t\t\t\t\t<\/span>\n\t\t<\/div>\n\t\t\t\t\t\t<\/div>\n\t\t\t\t<\/div>\n\t\t\t\t\t<\/div>\n\t\t<\/div>\n\t\t\t\t\t<\/div>\n\t\t<\/section>\n\t\t\t\t<section class=\"elementor-section elementor-top-section elementor-element elementor-element-3cd72b67 elementor-reverse-mobile elementor-section-boxed elementor-section-height-default elementor-section-height-default\" data-id=\"3cd72b67\" data-element_type=\"section\" data-e-type=\"section\">\n\t\t\t\t\t\t<div class=\"elementor-container elementor-column-gap-default\">\n\t\t\t\t\t<div class=\"elementor-column elementor-col-50 elementor-top-column elementor-element elementor-element-5bb79b00\" data-id=\"5bb79b00\" data-element_type=\"column\" data-e-type=\"column\">\n\t\t\t<div class=\"elementor-widget-wrap elementor-element-populated\">\n\t\t\t\t\t\t<div class=\"elementor-element elementor-element-71219a76 elementor-widget elementor-widget-image\" data-id=\"71219a76\" data-element_type=\"widget\" data-e-type=\"widget\" data-widget_type=\"image.default\">\n\t\t\t\t<div class=\"elementor-widget-container\">\n\t\t\t\t\t\t\t\t\t\t\t\t\t\t\t<img fetchpriority=\"high\" decoding=\"async\" width=\"800\" height=\"870\" src=\"https:\/\/www.park-kringa.com\/wp-content\/uploads\/2022\/06\/ALE_6692-e1655216941148-942x1024.jpg\" class=\"attachment-large size-large wp-image-1137\" alt=\"\" srcset=\"https:\/\/www.park-kringa.com\/wp-content\/uploads\/2022\/06\/ALE_6692-e1655216941148-942x1024.jpg 942w, https:\/\/www.park-kringa.com\/wp-content\/uploads\/2022\/06\/ALE_6692-e1655216941148-600x652.jpg 600w, https:\/\/www.park-kringa.com\/wp-content\/uploads\/2022\/06\/ALE_6692-e1655216941148-276x300.jpg 276w, https:\/\/www.park-kringa.com\/wp-content\/uploads\/2022\/06\/ALE_6692-e1655216941148-768x835.jpg 768w, https:\/\/www.park-kringa.com\/wp-content\/uploads\/2022\/06\/ALE_6692-e1655216941148.jpg 1400w\" sizes=\"(max-width: 800px) 100vw, 800px\" \/>\t\t\t\t\t\t\t\t\t\t\t\t\t\t\t<\/div>\n\t\t\t\t<\/div>\n\t\t\t\t\t<\/div>\n\t\t<\/div>\n\t\t\t\t<div class=\"elementor-column elementor-col-50 elementor-top-column elementor-element elementor-element-fb6c7f9\" data-id=\"fb6c7f9\" data-element_type=\"column\" data-e-type=\"column\">\n\t\t\t<div class=\"elementor-widget-wrap elementor-element-populated\">\n\t\t\t\t\t\t<div class=\"elementor-element elementor-element-5bc53089 elementor-widget elementor-widget-text-editor\" data-id=\"5bc53089\" data-element_type=\"widget\" data-e-type=\"widget\" data-widget_type=\"text-editor.default\">\n\t\t\t\t<div class=\"elementor-widget-container\">\n\t\t\t\t\t\t\t\t\t<h2>\u017duta staza<\/h2>\t\t\t\t\t\t\t\t<\/div>\n\t\t\t\t<\/div>\n\t\t\t\t<div class=\"elementor-element elementor-element-47b32868 elementor-widget elementor-widget-text-editor\" data-id=\"47b32868\" data-element_type=\"widget\" data-e-type=\"widget\" data-widget_type=\"text-editor.default\">\n\t\t\t\t<div class=\"elementor-widget-container\">\n\t\t\t\t\t\t\t\t\t<p>Za zagrijavanje, svi trebaju isprobati na\u0161u \u017eutu liniju koja je od 1,5 do 2 metra iznad tla. Ova staza je omiljena me\u0111u mla\u0111om djecom i savr\u0161ena za stjecanje samopouzdanja i povjerenja. Djeca mogu biti pra\u0107ena od strane roditelja ili na\u0161ih instruktora, koji im pokazuju kako upravljati opremom i kretati se po stazama. Instruktori su uvijek u blizini i paze na posjetitelje.<\/p><ul><li>Djeca mla\u0111a od 3 godine ne smiju koristiti poligon.<\/li><li>Te\u017eina: lagana<\/li><li>2 metra iznad tla<\/li><li>Sigurnosni sustav Saferoller<\/li><\/ul><p> <\/p>\t\t\t\t\t\t\t\t<\/div>\n\t\t\t\t<\/div>\n\t\t\t\t\t<\/div>\n\t\t<\/div>\n\t\t\t\t\t<\/div>\n\t\t<\/section>\n\t\t\t\t<section class=\"elementor-section elementor-top-section elementor-element elementor-element-1cc961e6 elementor-section-boxed elementor-section-height-default elementor-section-height-default\" data-id=\"1cc961e6\" data-element_type=\"section\" data-e-type=\"section\" data-settings=\"{&quot;background_background&quot;:&quot;classic&quot;}\">\n\t\t\t\t\t\t<div class=\"elementor-container elementor-column-gap-default\">\n\t\t\t\t\t<div class=\"elementor-column elementor-col-50 elementor-top-column elementor-element elementor-element-38b0dcfe\" data-id=\"38b0dcfe\" data-element_type=\"column\" data-e-type=\"column\">\n\t\t\t<div class=\"elementor-widget-wrap elementor-element-populated\">\n\t\t\t\t\t\t<div class=\"elementor-element elementor-element-4937202c elementor-widget elementor-widget-text-editor\" data-id=\"4937202c\" data-element_type=\"widget\" data-e-type=\"widget\" data-widget_type=\"text-editor.default\">\n\t\t\t\t<div class=\"elementor-widget-container\">\n\t\t\t\t\t\t\t\t\t<h2>Zelena i crvena staza<\/h2>\t\t\t\t\t\t\t\t<\/div>\n\t\t\t\t<\/div>\n\t\t\t\t<div class=\"elementor-element elementor-element-26c51a97 elementor-widget elementor-widget-text-editor\" data-id=\"26c51a97\" data-element_type=\"widget\" data-e-type=\"widget\" data-widget_type=\"text-editor.default\">\n\t\t\t\t<div class=\"elementor-widget-container\">\n\t\t\t\t\t\t\t\t\t<p>Zelene i crvene staze u na\u0161em avanturisti\u010dkom obiteljskom parku osiguravaju zabavu za cijelu obitelj. Poligoni su 3 &#8211; 6 metara iznad tla u hrastovoj \u0161umi koja \u0161titi posjetitelje od sunca. Zelena i \u017euta staza iznenadit \u0107e \u010dak i najvje\u0161tije penja\u010de.<\/p><ul><li>Djeca mla\u0111a od 3 godine ne smiju koristiti poligon.<\/li><li>Te\u017eina: umjerena<\/li><li>3-6 metara iznad tla<\/li><li>Sigurnosni sustav Saferoller<\/li><\/ul>\t\t\t\t\t\t\t\t<\/div>\n\t\t\t\t<\/div>\n\t\t\t\t\t<\/div>\n\t\t<\/div>\n\t\t\t\t<div class=\"elementor-column elementor-col-50 elementor-top-column elementor-element elementor-element-28b91da6\" data-id=\"28b91da6\" data-element_type=\"column\" data-e-type=\"column\">\n\t\t\t<div class=\"elementor-widget-wrap elementor-element-populated\">\n\t\t\t\t\t\t<div class=\"elementor-element elementor-element-4b2c47e7 elementor-widget elementor-widget-image\" data-id=\"4b2c47e7\" data-element_type=\"widget\" data-e-type=\"widget\" data-widget_type=\"image.default\">\n\t\t\t\t<div class=\"elementor-widget-container\">\n\t\t\t\t\t\t\t\t\t\t\t\t\t\t\t<img decoding=\"async\" width=\"683\" height=\"1024\" src=\"https:\/\/www.park-kringa.com\/wp-content\/uploads\/2022\/06\/ALE_6822-683x1024.jpg\" class=\"attachment-large size-large wp-image-1138\" alt=\"\" srcset=\"https:\/\/www.park-kringa.com\/wp-content\/uploads\/2022\/06\/ALE_6822-683x1024.jpg 683w, https:\/\/www.park-kringa.com\/wp-content\/uploads\/2022\/06\/ALE_6822-600x900.jpg 600w, https:\/\/www.park-kringa.com\/wp-content\/uploads\/2022\/06\/ALE_6822-200x300.jpg 200w, https:\/\/www.park-kringa.com\/wp-content\/uploads\/2022\/06\/ALE_6822-768x1152.jpg 768w, https:\/\/www.park-kringa.com\/wp-content\/uploads\/2022\/06\/ALE_6822-1024x1536.jpg 1024w, https:\/\/www.park-kringa.com\/wp-content\/uploads\/2022\/06\/ALE_6822-1365x2048.jpg 1365w, https:\/\/www.park-kringa.com\/wp-content\/uploads\/2022\/06\/ALE_6822.jpg 1400w\" sizes=\"(max-width: 683px) 100vw, 683px\" \/>\t\t\t\t\t\t\t\t\t\t\t\t\t\t\t<\/div>\n\t\t\t\t<\/div>\n\t\t\t\t\t<\/div>\n\t\t<\/div>\n\t\t\t\t\t<\/div>\n\t\t<\/section>\n\t\t\t\t<section class=\"elementor-section elementor-top-section elementor-element elementor-element-3e848bda elementor-reverse-mobile elementor-section-boxed elementor-section-height-default elementor-section-height-default\" data-id=\"3e848bda\" data-element_type=\"section\" data-e-type=\"section\">\n\t\t\t\t\t\t<div class=\"elementor-container elementor-column-gap-default\">\n\t\t\t\t\t<div class=\"elementor-column elementor-col-50 elementor-top-column elementor-element elementor-element-5e7c94a4\" data-id=\"5e7c94a4\" data-element_type=\"column\" data-e-type=\"column\">\n\t\t\t<div class=\"elementor-widget-wrap elementor-element-populated\">\n\t\t\t\t\t\t<div class=\"elementor-element elementor-element-34012f65 elementor-widget elementor-widget-image\" data-id=\"34012f65\" data-element_type=\"widget\" data-e-type=\"widget\" data-widget_type=\"image.default\">\n\t\t\t\t<div class=\"elementor-widget-container\">\n\t\t\t\t\t\t\t\t\t\t\t\t\t\t\t<img decoding=\"async\" width=\"800\" height=\"533\" src=\"https:\/\/www.park-kringa.com\/wp-content\/uploads\/2022\/06\/IMG_8676-1-1024x682.jpg\" class=\"attachment-large size-large wp-image-1149\" alt=\"\" srcset=\"https:\/\/www.park-kringa.com\/wp-content\/uploads\/2022\/06\/IMG_8676-1-1024x682.jpg 1024w, https:\/\/www.park-kringa.com\/wp-content\/uploads\/2022\/06\/IMG_8676-1-600x400.jpg 600w, https:\/\/www.park-kringa.com\/wp-content\/uploads\/2022\/06\/IMG_8676-1-300x200.jpg 300w, https:\/\/www.park-kringa.com\/wp-content\/uploads\/2022\/06\/IMG_8676-1-768x512.jpg 768w, https:\/\/www.park-kringa.com\/wp-content\/uploads\/2022\/06\/IMG_8676-1.jpg 1400w\" sizes=\"(max-width: 800px) 100vw, 800px\" \/>\t\t\t\t\t\t\t\t\t\t\t\t\t\t\t<\/div>\n\t\t\t\t<\/div>\n\t\t\t\t\t<\/div>\n\t\t<\/div>\n\t\t\t\t<div class=\"elementor-column elementor-col-50 elementor-top-column elementor-element elementor-element-4559cd26\" data-id=\"4559cd26\" data-element_type=\"column\" data-e-type=\"column\">\n\t\t\t<div class=\"elementor-widget-wrap elementor-element-populated\">\n\t\t\t\t\t\t<div class=\"elementor-element elementor-element-703e949c elementor-widget elementor-widget-text-editor\" data-id=\"703e949c\" data-element_type=\"widget\" data-e-type=\"widget\" data-widget_type=\"text-editor.default\">\n\t\t\t\t<div class=\"elementor-widget-container\">\n\t\t\t\t\t\t\t\t\t<h2>Velika ljulja\u010dka<\/h2>\t\t\t\t\t\t\t\t<\/div>\n\t\t\t\t<\/div>\n\t\t\t\t<div class=\"elementor-element elementor-element-4fc0e200 elementor-widget elementor-widget-text-editor\" data-id=\"4fc0e200\" data-element_type=\"widget\" data-e-type=\"widget\" data-widget_type=\"text-editor.default\">\n\t\t\t\t<div class=\"elementor-widget-container\">\n\t\t\t\t\t\t\t\t\t<p>Ako ste spremni za pravi nalet adrenalina, morate isprobati ovo! Kada je sigurna oprema na mjestu, penjanje po\u010dinje. Elektri\u010dni motor vas podi\u017ee 10 metara visoko u zrak, i sve po\u010dinje na spremni, pozor,&#8230; kreni \ud83d\ude42<\/p><ul><li>Djeca mla\u0111a od 3 godine ne smiju koristiti ljulja\u010dku <\/li><li>2-3 osobe<\/li><li>nalet adrenalina<\/li><li>Sigurnosni sustav Saferoller<\/li><\/ul>\t\t\t\t\t\t\t\t<\/div>\n\t\t\t\t<\/div>\n\t\t\t\t\t<\/div>\n\t\t<\/div>\n\t\t\t\t\t<\/div>\n\t\t<\/section>\n\t\t\t\t<section class=\"elementor-section elementor-top-section elementor-element elementor-element-45e922a2 elementor-section-boxed elementor-section-height-default elementor-section-height-default\" data-id=\"45e922a2\" data-element_type=\"section\" data-e-type=\"section\" data-settings=\"{&quot;background_background&quot;:&quot;classic&quot;}\">\n\t\t\t\t\t\t<div class=\"elementor-container elementor-column-gap-default\">\n\t\t\t\t\t<div class=\"elementor-column elementor-col-50 elementor-top-column elementor-element elementor-element-1c7466e1\" data-id=\"1c7466e1\" data-element_type=\"column\" data-e-type=\"column\">\n\t\t\t<div class=\"elementor-widget-wrap elementor-element-populated\">\n\t\t\t\t\t\t<div class=\"elementor-element elementor-element-4839fca7 elementor-widget elementor-widget-text-editor\" data-id=\"4839fca7\" data-element_type=\"widget\" data-e-type=\"widget\" data-widget_type=\"text-editor.default\">\n\t\t\t\t<div class=\"elementor-widget-container\">\n\t\t\t\t\t\t\t\t\t<h2>Zip-line<\/h2>\t\t\t\t\t\t\t\t<\/div>\n\t\t\t\t<\/div>\n\t\t\t\t<div class=\"elementor-element elementor-element-7b8d4aa4 elementor-widget elementor-widget-text-editor\" data-id=\"7b8d4aa4\" data-element_type=\"widget\" data-e-type=\"widget\" data-widget_type=\"text-editor.default\">\n\t\t\t\t<div class=\"elementor-widget-container\">\n\t\t\t\t\t\t\t\t\t<p>Ako ste previ\u0161e lijeni da ponovno pro\u0111ete cijelu stazu samo zbog zipline-a, nema problema! Mnogi zipline-ovi su dio staza, ali se mogu koristiti i zasebno, tako da djeca mogu u\u017eivati samo u zipline-ovima kada im je dosta staza.<\/p><ul><li>Djeca mla\u0111a od 3 godine ne smiju koristiti zipline.<\/li><li>3-6 metara iznad tla<\/li><li>Sigurnosni sustav Saferoller<\/li><\/ul>\t\t\t\t\t\t\t\t<\/div>\n\t\t\t\t<\/div>\n\t\t\t\t\t<\/div>\n\t\t<\/div>\n\t\t\t\t<div class=\"elementor-column elementor-col-50 elementor-top-column elementor-element elementor-element-22b0321d\" data-id=\"22b0321d\" data-element_type=\"column\" data-e-type=\"column\">\n\t\t\t<div class=\"elementor-widget-wrap elementor-element-populated\">\n\t\t\t\t\t\t<div class=\"elementor-element elementor-element-39b03b93 elementor-widget elementor-widget-image\" data-id=\"39b03b93\" data-element_type=\"widget\" data-e-type=\"widget\" data-widget_type=\"image.default\">\n\t\t\t\t<div class=\"elementor-widget-container\">\n\t\t\t\t\t\t\t\t\t\t\t\t\t\t\t<img loading=\"lazy\" decoding=\"async\" width=\"683\" height=\"1024\" src=\"https:\/\/www.park-kringa.com\/wp-content\/uploads\/2022\/06\/ALE_7350-683x1024.jpg\" class=\"attachment-large size-large wp-image-1144\" alt=\"\" srcset=\"https:\/\/www.park-kringa.com\/wp-content\/uploads\/2022\/06\/ALE_7350-683x1024.jpg 683w, https:\/\/www.park-kringa.com\/wp-content\/uploads\/2022\/06\/ALE_7350-600x900.jpg 600w, https:\/\/www.park-kringa.com\/wp-content\/uploads\/2022\/06\/ALE_7350-200x300.jpg 200w, https:\/\/www.park-kringa.com\/wp-content\/uploads\/2022\/06\/ALE_7350-768x1152.jpg 768w, https:\/\/www.park-kringa.com\/wp-content\/uploads\/2022\/06\/ALE_7350-1024x1536.jpg 1024w, https:\/\/www.park-kringa.com\/wp-content\/uploads\/2022\/06\/ALE_7350-1365x2048.jpg 1365w, https:\/\/www.park-kringa.com\/wp-content\/uploads\/2022\/06\/ALE_7350.jpg 1400w\" sizes=\"(max-width: 683px) 100vw, 683px\" \/>\t\t\t\t\t\t\t\t\t\t\t\t\t\t\t<\/div>\n\t\t\t\t<\/div>\n\t\t\t\t\t<\/div>\n\t\t<\/div>\n\t\t\t\t\t<\/div>\n\t\t<\/section>\n\t\t\t\t<\/div>\n\t\t","protected":false},"excerpt":{"rendered":"<p>Atrakcije u parku \u017duta staza Za zagrijavanje, svi trebaju isprobati na\u0161u \u017eutu liniju koja je od 1,5 do 2 metra iznad tla. Ova staza je omiljena me\u0111u mla\u0111om djecom i savr\u0161ena za stjecanje samopouzdanja i povjerenja. Djeca mogu biti pra\u0107ena od strane roditelja ili na\u0161ih instruktora, koji im pokazuju kako upravljati opremom i kretati se&hellip;<\/p>\n","protected":false},"author":1,"featured_media":0,"parent":0,"menu_order":0,"comment_status":"closed","ping_status":"closed","template":"","meta":{"footnotes":""},"class_list":["post-1175","page","type-page","status-publish","hentry"],"yoast_head":"<!-- This site is optimized with the Yoast SEO plugin v27.2 - https:\/\/yoast.com\/product\/yoast-seo-wordpress\/ -->\n<title>Atrakcije u na\u0161em obiteljskom parku - Adrenalin Park Kringa - ISTRIJA<\/title>\n<meta name=\"description\" content=\"Posjetite na\u0161 avanturisti\u010dki park u Istri: STAZE, ZIPLINE, VELIKA LJULJA\u010cKA!\" \/>\n<meta name=\"robots\" content=\"index, follow, max-snippet:-1, max-image-preview:large, max-video-preview:-1\" \/>\n<link rel=\"canonical\" href=\"https:\/\/www.park-kringa.com\/hr\/atrakcije\/\" \/>\n<meta property=\"og:locale\" content=\"hr_HR\" \/>\n<meta property=\"og:type\" content=\"article\" \/>\n<meta property=\"og:title\" content=\"Atrakcije u na\u0161em obiteljskom parku - Adrenalin Park Kringa - ISTRIJA\" \/>\n<meta property=\"og:description\" content=\"Posjetite na\u0161 avanturisti\u010dki park u Istri: STAZE, ZIPLINE, VELIKA LJULJA\u010cKA!\" \/>\n<meta property=\"og:url\" content=\"https:\/\/www.park-kringa.com\/hr\/atrakcije\/\" \/>\n<meta property=\"og:site_name\" content=\"Adrenalin Park Kringa\" \/>\n<meta property=\"article:modified_time\" content=\"2025-08-01T11:44:29+00:00\" \/>\n<meta property=\"og:image\" content=\"https:\/\/www.park-kringa.com\/wp-content\/uploads\/2022\/06\/ALE_6692-e1655216941148.jpg\" \/>\n\t<meta property=\"og:image:width\" content=\"1400\" \/>\n\t<meta property=\"og:image:height\" content=\"1522\" \/>\n\t<meta property=\"og:image:type\" content=\"image\/jpeg\" \/>\n<meta name=\"twitter:card\" content=\"summary_large_image\" \/>\n<meta name=\"twitter:label1\" content=\"Procijenjeno vrijeme \u010ditanja\" \/>\n\t<meta name=\"twitter:data1\" content=\"1 minuta\" \/>\n<script type=\"application\/ld+json\" class=\"yoast-schema-graph\">{\"@context\":\"https:\/\/schema.org\",\"@graph\":[{\"@type\":\"WebPage\",\"@id\":\"https:\/\/www.park-kringa.com\/hr\/atrakcije\/\",\"url\":\"https:\/\/www.park-kringa.com\/hr\/atrakcije\/\",\"name\":\"Atrakcije u na\u0161em obiteljskom parku - Adrenalin Park Kringa - ISTRIJA\",\"isPartOf\":{\"@id\":\"https:\/\/www.park-kringa.com\/hr\/#website\"},\"primaryImageOfPage\":{\"@id\":\"https:\/\/www.park-kringa.com\/hr\/atrakcije\/#primaryimage\"},\"image\":{\"@id\":\"https:\/\/www.park-kringa.com\/hr\/atrakcije\/#primaryimage\"},\"thumbnailUrl\":\"https:\/\/www.park-kringa.com\/wp-content\/uploads\/2022\/06\/ALE_6692-e1655216941148-942x1024.jpg\",\"datePublished\":\"2022-06-14T07:32:08+00:00\",\"dateModified\":\"2025-08-01T11:44:29+00:00\",\"description\":\"Posjetite na\u0161 avanturisti\u010dki park u Istri: STAZE, ZIPLINE, VELIKA LJULJA\u010cKA!\",\"breadcrumb\":{\"@id\":\"https:\/\/www.park-kringa.com\/hr\/atrakcije\/#breadcrumb\"},\"inLanguage\":\"hr\",\"potentialAction\":[{\"@type\":\"ReadAction\",\"target\":[\"https:\/\/www.park-kringa.com\/hr\/atrakcije\/\"]}]},{\"@type\":\"ImageObject\",\"inLanguage\":\"hr\",\"@id\":\"https:\/\/www.park-kringa.com\/hr\/atrakcije\/#primaryimage\",\"url\":\"https:\/\/www.park-kringa.com\/wp-content\/uploads\/2022\/06\/ALE_6692-e1655216941148-942x1024.jpg\",\"contentUrl\":\"https:\/\/www.park-kringa.com\/wp-content\/uploads\/2022\/06\/ALE_6692-e1655216941148-942x1024.jpg\"},{\"@type\":\"BreadcrumbList\",\"@id\":\"https:\/\/www.park-kringa.com\/hr\/atrakcije\/#breadcrumb\",\"itemListElement\":[{\"@type\":\"ListItem\",\"position\":1,\"name\":\"Home\",\"item\":\"https:\/\/www.park-kringa.com\/hr\/\"},{\"@type\":\"ListItem\",\"position\":2,\"name\":\"Atrakcije\"}]},{\"@type\":\"WebSite\",\"@id\":\"https:\/\/www.park-kringa.com\/hr\/#website\",\"url\":\"https:\/\/www.park-kringa.com\/hr\/\",\"name\":\"Adrenalin Park Kringa\",\"description\":\"Family Adventure Park\",\"publisher\":{\"@id\":\"https:\/\/www.park-kringa.com\/hr\/#organization\"},\"potentialAction\":[{\"@type\":\"SearchAction\",\"target\":{\"@type\":\"EntryPoint\",\"urlTemplate\":\"https:\/\/www.park-kringa.com\/hr\/?s={search_term_string}\"},\"query-input\":{\"@type\":\"PropertyValueSpecification\",\"valueRequired\":true,\"valueName\":\"search_term_string\"}}],\"inLanguage\":\"hr\"},{\"@type\":\"Organization\",\"@id\":\"https:\/\/www.park-kringa.com\/hr\/#organization\",\"name\":\"Adrenalin Park Kringa\",\"url\":\"https:\/\/www.park-kringa.com\/hr\/\",\"logo\":{\"@type\":\"ImageObject\",\"inLanguage\":\"hr\",\"@id\":\"https:\/\/www.park-kringa.com\/hr\/#\/schema\/logo\/image\/\",\"url\":\"https:\/\/www.park-kringa.com\/wp-content\/uploads\/2022\/06\/cropped-LOGO-APK-BEZ-POZADINE-e1655197137670-1.png\",\"contentUrl\":\"https:\/\/www.park-kringa.com\/wp-content\/uploads\/2022\/06\/cropped-LOGO-APK-BEZ-POZADINE-e1655197137670-1.png\",\"width\":345,\"height\":369,\"caption\":\"Adrenalin Park Kringa\"},\"image\":{\"@id\":\"https:\/\/www.park-kringa.com\/hr\/#\/schema\/logo\/image\/\"}}]}<\/script>\n<!-- \/ Yoast SEO plugin. -->","yoast_head_json":{"title":"Atrakcije u na\u0161em obiteljskom parku - Adrenalin Park Kringa - ISTRIJA","description":"Posjetite na\u0161 avanturisti\u010dki park u Istri: STAZE, ZIPLINE, VELIKA LJULJA\u010cKA!","robots":{"index":"index","follow":"follow","max-snippet":"max-snippet:-1","max-image-preview":"max-image-preview:large","max-video-preview":"max-video-preview:-1"},"canonical":"https:\/\/www.park-kringa.com\/hr\/atrakcije\/","og_locale":"hr_HR","og_type":"article","og_title":"Atrakcije u na\u0161em obiteljskom parku - Adrenalin Park Kringa - ISTRIJA","og_description":"Posjetite na\u0161 avanturisti\u010dki park u Istri: STAZE, ZIPLINE, VELIKA LJULJA\u010cKA!","og_url":"https:\/\/www.park-kringa.com\/hr\/atrakcije\/","og_site_name":"Adrenalin Park Kringa","article_modified_time":"2025-08-01T11:44:29+00:00","og_image":[{"width":1400,"height":1522,"url":"https:\/\/www.park-kringa.com\/wp-content\/uploads\/2022\/06\/ALE_6692-e1655216941148.jpg","type":"image\/jpeg"}],"twitter_card":"summary_large_image","twitter_misc":{"Procijenjeno vrijeme \u010ditanja":"1 minuta"},"schema":{"@context":"https:\/\/schema.org","@graph":[{"@type":"WebPage","@id":"https:\/\/www.park-kringa.com\/hr\/atrakcije\/","url":"https:\/\/www.park-kringa.com\/hr\/atrakcije\/","name":"Atrakcije u na\u0161em obiteljskom parku - Adrenalin Park Kringa - ISTRIJA","isPartOf":{"@id":"https:\/\/www.park-kringa.com\/hr\/#website"},"primaryImageOfPage":{"@id":"https:\/\/www.park-kringa.com\/hr\/atrakcije\/#primaryimage"},"image":{"@id":"https:\/\/www.park-kringa.com\/hr\/atrakcije\/#primaryimage"},"thumbnailUrl":"https:\/\/www.park-kringa.com\/wp-content\/uploads\/2022\/06\/ALE_6692-e1655216941148-942x1024.jpg","datePublished":"2022-06-14T07:32:08+00:00","dateModified":"2025-08-01T11:44:29+00:00","description":"Posjetite na\u0161 avanturisti\u010dki park u Istri: STAZE, ZIPLINE, VELIKA LJULJA\u010cKA!","breadcrumb":{"@id":"https:\/\/www.park-kringa.com\/hr\/atrakcije\/#breadcrumb"},"inLanguage":"hr","potentialAction":[{"@type":"ReadAction","target":["https:\/\/www.park-kringa.com\/hr\/atrakcije\/"]}]},{"@type":"ImageObject","inLanguage":"hr","@id":"https:\/\/www.park-kringa.com\/hr\/atrakcije\/#primaryimage","url":"https:\/\/www.park-kringa.com\/wp-content\/uploads\/2022\/06\/ALE_6692-e1655216941148-942x1024.jpg","contentUrl":"https:\/\/www.park-kringa.com\/wp-content\/uploads\/2022\/06\/ALE_6692-e1655216941148-942x1024.jpg"},{"@type":"BreadcrumbList","@id":"https:\/\/www.park-kringa.com\/hr\/atrakcije\/#breadcrumb","itemListElement":[{"@type":"ListItem","position":1,"name":"Home","item":"https:\/\/www.park-kringa.com\/hr\/"},{"@type":"ListItem","position":2,"name":"Atrakcije"}]},{"@type":"WebSite","@id":"https:\/\/www.park-kringa.com\/hr\/#website","url":"https:\/\/www.park-kringa.com\/hr\/","name":"Adrenalin Park Kringa","description":"Family Adventure Park","publisher":{"@id":"https:\/\/www.park-kringa.com\/hr\/#organization"},"potentialAction":[{"@type":"SearchAction","target":{"@type":"EntryPoint","urlTemplate":"https:\/\/www.park-kringa.com\/hr\/?s={search_term_string}"},"query-input":{"@type":"PropertyValueSpecification","valueRequired":true,"valueName":"search_term_string"}}],"inLanguage":"hr"},{"@type":"Organization","@id":"https:\/\/www.park-kringa.com\/hr\/#organization","name":"Adrenalin Park Kringa","url":"https:\/\/www.park-kringa.com\/hr\/","logo":{"@type":"ImageObject","inLanguage":"hr","@id":"https:\/\/www.park-kringa.com\/hr\/#\/schema\/logo\/image\/","url":"https:\/\/www.park-kringa.com\/wp-content\/uploads\/2022\/06\/cropped-LOGO-APK-BEZ-POZADINE-e1655197137670-1.png","contentUrl":"https:\/\/www.park-kringa.com\/wp-content\/uploads\/2022\/06\/cropped-LOGO-APK-BEZ-POZADINE-e1655197137670-1.png","width":345,"height":369,"caption":"Adrenalin Park Kringa"},"image":{"@id":"https:\/\/www.park-kringa.com\/hr\/#\/schema\/logo\/image\/"}}]}},"_links":{"self":[{"href":"https:\/\/www.park-kringa.com\/hr\/wp-json\/wp\/v2\/pages\/1175","targetHints":{"allow":["GET"]}}],"collection":[{"href":"https:\/\/www.park-kringa.com\/hr\/wp-json\/wp\/v2\/pages"}],"about":[{"href":"https:\/\/www.park-kringa.com\/hr\/wp-json\/wp\/v2\/types\/page"}],"author":[{"embeddable":true,"href":"https:\/\/www.park-kringa.com\/hr\/wp-json\/wp\/v2\/users\/1"}],"replies":[{"embeddable":true,"href":"https:\/\/www.park-kringa.com\/hr\/wp-json\/wp\/v2\/comments?post=1175"}],"version-history":[{"count":0,"href":"https:\/\/www.park-kringa.com\/hr\/wp-json\/wp\/v2\/pages\/1175\/revisions"}],"wp:attachment":[{"href":"https:\/\/www.park-kringa.com\/hr\/wp-json\/wp\/v2\/media?parent=1175"}],"curies":[{"name":"wp","href":"https:\/\/api.w.org\/{rel}","templated":true}]}}