{"id":1168,"date":"2022-06-15T08:58:57","date_gmt":"2022-06-15T06:58:57","guid":{"rendered":"https:\/\/www.park-kringa.com\/cjenik\/"},"modified":"2026-03-29T09:54:44","modified_gmt":"2026-03-29T07:54:44","slug":"cjenik","status":"publish","type":"page","link":"https:\/\/www.park-kringa.com\/hr\/cjenik\/","title":{"rendered":"Cjenik"},"content":{"rendered":"\t\t<div data-elementor-type=\"wp-page\" data-elementor-id=\"1168\" class=\"elementor elementor-1168 elementor-262\" data-elementor-post-type=\"page\">\n\t\t\t\t\t\t<section class=\"elementor-section elementor-top-section elementor-element elementor-element-a7282d1 elementor-section-height-min-height elementor-section-boxed elementor-section-height-default elementor-section-items-middle\" data-id=\"a7282d1\" data-element_type=\"section\" data-e-type=\"section\" data-settings=\"{&quot;background_background&quot;:&quot;classic&quot;}\">\n\t\t\t\t\t\t<div class=\"elementor-container elementor-column-gap-default\">\n\t\t\t\t\t<div class=\"elementor-column elementor-col-100 elementor-top-column elementor-element elementor-element-608ff9e\" data-id=\"608ff9e\" data-element_type=\"column\" data-e-type=\"column\">\n\t\t\t<div class=\"elementor-widget-wrap elementor-element-populated\">\n\t\t\t\t\t\t<div class=\"elementor-element elementor-element-527d0d2 elementor-widget elementor-widget-menu-anchor\" data-id=\"527d0d2\" data-element_type=\"widget\" data-e-type=\"widget\" data-widget_type=\"menu-anchor.default\">\n\t\t\t\t<div class=\"elementor-widget-container\">\n\t\t\t\t\t\t\t<div class=\"elementor-menu-anchor\" id=\"cjenik\"><\/div>\n\t\t\t\t\t\t<\/div>\n\t\t\t\t<\/div>\n\t\t\t\t<div class=\"elementor-element elementor-element-42800ae elementor-widget elementor-widget-text-editor\" data-id=\"42800ae\" data-element_type=\"widget\" data-e-type=\"widget\" data-widget_type=\"text-editor.default\">\n\t\t\t\t<div class=\"elementor-widget-container\">\n\t\t\t\t\t\t\t\t\t<h2>Cjenik<\/h2><p><strong>*Na licu mjesta &#8211; Pla\u0107anje samo gotovinom<\/strong><\/p><p>ili mo\u017eete <strong>rezervirati i platiti online<\/strong> na <strong><span style=\"text-decoration: underline;\"><a href=\"https:\/\/www.park-kringa.com\/hr\/adventure\/\" target=\"_blank\" rel=\"noopener\">POVEZNICI<\/a><\/span><\/strong><\/p>\t\t\t\t\t\t\t\t<\/div>\n\t\t\t\t<\/div>\n\t\t\t\t<div class=\"elementor-element elementor-element-6dce3af elementor-widget elementor-widget-price-list\" data-id=\"6dce3af\" data-element_type=\"widget\" data-e-type=\"widget\" data-widget_type=\"price-list.default\">\n\t\t\t\t<div class=\"elementor-widget-container\">\n\t\t\t\t\t\n\t\t<ul class=\"elementor-price-list\">\n\n\t\t\t\t\t\t\t\t\t<li><a class=\"elementor-price-list-item\" href=\"#\">\t\t\t\t\n\t\t\t\t<div class=\"elementor-price-list-text\">\n\t\t\t\t\t\t\t\t\t<div class=\"elementor-price-list-header\">\n\t\t\t\t\t\t\t\t\t\t\t<span class=\"elementor-price-list-title\">\n\t\t\t\t\t\t\tOdrasli\t\t\t\t\t\t<\/span>\n\t\t\t\t\t\t\t\t\t\t\t\t\t\t\t\t\t\t<span class=\"elementor-price-list-separator\"><\/span>\n\t\t\t\t\t\t\t\t\t\t\t\t\t\t\t\t\t\t\t<span class=\"elementor-price-list-price\">30 \u20ac<\/span>\n\t\t\t\t\t\t\t\t\t\t<\/div>\n\t\t\t\t\t\t\t\t\t\t\t\t\t\t\t<p class=\"elementor-price-list-description\">\n\t\t\t\t\t\t\t\u017duta ruta x2, naran\u010dasta ruta x2, zelena ruta x2, crvena ruta x2, zipline x2.\t\t\t\t\t\t<\/p>\n\t\t\t\t\t\t\t\t<\/div>\n\t\t\t\t<\/a><\/li>\t\t\t\t\t\t\t\t\t\t\t\t<li><a class=\"elementor-price-list-item\" href=\"#\">\t\t\t\t\n\t\t\t\t<div class=\"elementor-price-list-text\">\n\t\t\t\t\t\t\t\t\t<div class=\"elementor-price-list-header\">\n\t\t\t\t\t\t\t\t\t\t\t<span class=\"elementor-price-list-title\">\n\t\t\t\t\t\t\tDjeca\t\t\t\t\t\t<\/span>\n\t\t\t\t\t\t\t\t\t\t\t\t\t\t\t\t\t\t<span class=\"elementor-price-list-separator\"><\/span>\n\t\t\t\t\t\t\t\t\t\t\t\t\t\t\t\t\t\t\t<span class=\"elementor-price-list-price\">25 \u20ac<\/span>\n\t\t\t\t\t\t\t\t\t\t<\/div>\n\t\t\t\t\t\t\t\t\t\t\t\t\t\t\t<p class=\"elementor-price-list-description\">\n\t\t\t\t\t\t\tDo 12 godina, \u017euta ruta x2, zelena ruta x2, naran\u010dasta ruta x2, crvena ruta x2, zipline x2.\t\t\t\t\t\t<\/p>\n\t\t\t\t\t\t\t\t<\/div>\n\t\t\t\t<\/a><\/li>\t\t\t\t\t\t\t\t\t\t\t\t<li><a class=\"elementor-price-list-item\" href=\"#\">\t\t\t\t\n\t\t\t\t<div class=\"elementor-price-list-text\">\n\t\t\t\t\t\t\t\t\t<div class=\"elementor-price-list-header\">\n\t\t\t\t\t\t\t\t\t\t\t<span class=\"elementor-price-list-title\">\n\t\t\t\t\t\t\tPaket za bebe\t\t\t\t\t\t<\/span>\n\t\t\t\t\t\t\t\t\t\t\t\t\t\t\t\t\t\t<span class=\"elementor-price-list-separator\"><\/span>\n\t\t\t\t\t\t\t\t\t\t\t\t\t\t\t\t\t\t\t<span class=\"elementor-price-list-price\">20 \u20ac<\/span>\n\t\t\t\t\t\t\t\t\t\t<\/div>\n\t\t\t\t\t\t\t\t\t\t\t\t\t\t\t<p class=\"elementor-price-list-description\">\n\t\t\t\t\t\t\t\u017duta ruta, naran\u010dasta ruta, zipline u trajanju od 60 min.\t\t\t\t\t\t<\/p>\n\t\t\t\t\t\t\t\t<\/div>\n\t\t\t\t<\/a><\/li>\t\t\t\t\t\t\t\t\t\t\t\t<li><a class=\"elementor-price-list-item\" href=\"#\">\t\t\t\t\n\t\t\t\t<div class=\"elementor-price-list-text\">\n\t\t\t\t\t\t\t\t\t<div class=\"elementor-price-list-header\">\n\t\t\t\t\t\t\t\t\t\t\t<span class=\"elementor-price-list-title\">\n\t\t\t\t\t\t\tVelika ljulja\u010dka\t\t\t\t\t\t<\/span>\n\t\t\t\t\t\t\t\t\t\t\t\t\t\t\t\t\t\t<span class=\"elementor-price-list-separator\"><\/span>\n\t\t\t\t\t\t\t\t\t\t\t\t\t\t\t\t\t\t\t<span class=\"elementor-price-list-price\">10 \u20ac<\/span>\n\t\t\t\t\t\t\t\t\t\t<\/div>\n\t\t\t\t\t\t\t\t\t\t\t\t\t\t\t<p class=\"elementor-price-list-description\">\n\t\t\t\t\t\t\tPo osobi\t\t\t\t\t\t<\/p>\n\t\t\t\t\t\t\t\t<\/div>\n\t\t\t\t<\/a><\/li>\t\t\t\t\t\t\t\t\t\t\t\t<li><a class=\"elementor-price-list-item\" href=\"#\">\t\t\t\t\n\t\t\t\t<div class=\"elementor-price-list-text\">\n\t\t\t\t\t\t\t\t\t<div class=\"elementor-price-list-header\">\n\t\t\t\t\t\t\t\t\t\t\t<span class=\"elementor-price-list-title\">\n\t\t\t\t\t\t\tZipline\t\t\t\t\t\t<\/span>\n\t\t\t\t\t\t\t\t\t\t\t\t\t\t\t\t\t\t<span class=\"elementor-price-list-separator\"><\/span>\n\t\t\t\t\t\t\t\t\t\t\t\t\t\t\t\t\t\t\t<span class=\"elementor-price-list-price\">10 \u20ac<\/span>\n\t\t\t\t\t\t\t\t\t\t<\/div>\n\t\t\t\t\t\t\t\t\t\t\t\t\t\t\t<p class=\"elementor-price-list-description\">\n\t\t\t\t\t\t\t2 puta\t\t\t\t\t\t<\/p>\n\t\t\t\t\t\t\t\t<\/div>\n\t\t\t\t<\/a><\/li>\t\t\t\t\t\n\t\t<\/ul>\n\n\t\t\t\t\t\t<\/div>\n\t\t\t\t<\/div>\n\t\t\t\t\t<\/div>\n\t\t<\/div>\n\t\t\t\t\t<\/div>\n\t\t<\/section>\n\t\t\t\t<\/div>\n\t\t","protected":false},"excerpt":{"rendered":"<p>Cjenik *Na licu mjesta &#8211; Pla\u0107anje samo gotovinom ili mo\u017eete rezervirati i platiti online na POVEZNICI Odrasli 30 \u20ac \u017duta ruta x2, naran\u010dasta ruta x2, zelena ruta x2, crvena ruta x2, zipline x2. Djeca 25 \u20ac Do 12 godina, \u017euta ruta x2, zelena ruta x2, naran\u010dasta ruta x2, crvena ruta x2, zipline x2. Paket za&hellip;<\/p>\n","protected":false},"author":1,"featured_media":0,"parent":0,"menu_order":0,"comment_status":"closed","ping_status":"closed","template":"","meta":{"footnotes":""},"class_list":["post-1168","page","type-page","status-publish","hentry"],"yoast_head":"<!-- This site is optimized with the Yoast SEO plugin v27.2 - https:\/\/yoast.com\/product\/yoast-seo-wordpress\/ -->\n<title>Cjenik - Adrenalin Park Kringa<\/title>\n<meta name=\"description\" content=\"Odrasli - 150 kn, Djeca 130 kn, Paket za bebe 100 kn, Velika ljulja\u010dka 40 kn, Zipline 50 kn. Posjetite nas u na\u0161em Parku i u\u017eivajte!!!\" \/>\n<meta name=\"robots\" content=\"index, follow, max-snippet:-1, max-image-preview:large, max-video-preview:-1\" \/>\n<link rel=\"canonical\" href=\"https:\/\/www.park-kringa.com\/hr\/cjenik\/\" \/>\n<meta property=\"og:locale\" content=\"hr_HR\" \/>\n<meta property=\"og:type\" content=\"article\" \/>\n<meta property=\"og:title\" content=\"Cjenik - Adrenalin Park Kringa\" \/>\n<meta property=\"og:description\" content=\"Odrasli - 150 kn, Djeca 130 kn, Paket za bebe 100 kn, Velika ljulja\u010dka 40 kn, Zipline 50 kn. Posjetite nas u na\u0161em Parku i u\u017eivajte!!!\" \/>\n<meta property=\"og:url\" content=\"https:\/\/www.park-kringa.com\/hr\/cjenik\/\" \/>\n<meta property=\"og:site_name\" content=\"Adrenalin Park Kringa\" \/>\n<meta property=\"article:modified_time\" content=\"2026-03-29T07:54:44+00:00\" \/>\n<meta name=\"twitter:card\" content=\"summary_large_image\" \/>\n<meta name=\"twitter:label1\" content=\"Procijenjeno vrijeme \u010ditanja\" \/>\n\t<meta name=\"twitter:data1\" content=\"1 minuta\" \/>\n<script type=\"application\/ld+json\" class=\"yoast-schema-graph\">{\"@context\":\"https:\/\/schema.org\",\"@graph\":[{\"@type\":\"WebPage\",\"@id\":\"https:\/\/www.park-kringa.com\/hr\/cjenik\/\",\"url\":\"https:\/\/www.park-kringa.com\/hr\/cjenik\/\",\"name\":\"Cjenik - Adrenalin Park Kringa\",\"isPartOf\":{\"@id\":\"https:\/\/www.park-kringa.com\/hr\/#website\"},\"datePublished\":\"2022-06-15T06:58:57+00:00\",\"dateModified\":\"2026-03-29T07:54:44+00:00\",\"description\":\"Odrasli - 150 kn, Djeca 130 kn, Paket za bebe 100 kn, Velika ljulja\u010dka 40 kn, Zipline 50 kn. Posjetite nas u na\u0161em Parku i u\u017eivajte!!!\",\"breadcrumb\":{\"@id\":\"https:\/\/www.park-kringa.com\/hr\/cjenik\/#breadcrumb\"},\"inLanguage\":\"hr\",\"potentialAction\":[{\"@type\":\"ReadAction\",\"target\":[\"https:\/\/www.park-kringa.com\/hr\/cjenik\/\"]}]},{\"@type\":\"BreadcrumbList\",\"@id\":\"https:\/\/www.park-kringa.com\/hr\/cjenik\/#breadcrumb\",\"itemListElement\":[{\"@type\":\"ListItem\",\"position\":1,\"name\":\"Home\",\"item\":\"https:\/\/www.park-kringa.com\/hr\/\"},{\"@type\":\"ListItem\",\"position\":2,\"name\":\"Cjenik\"}]},{\"@type\":\"WebSite\",\"@id\":\"https:\/\/www.park-kringa.com\/hr\/#website\",\"url\":\"https:\/\/www.park-kringa.com\/hr\/\",\"name\":\"Adrenalin Park Kringa\",\"description\":\"Family Adventure Park\",\"publisher\":{\"@id\":\"https:\/\/www.park-kringa.com\/hr\/#organization\"},\"potentialAction\":[{\"@type\":\"SearchAction\",\"target\":{\"@type\":\"EntryPoint\",\"urlTemplate\":\"https:\/\/www.park-kringa.com\/hr\/?s={search_term_string}\"},\"query-input\":{\"@type\":\"PropertyValueSpecification\",\"valueRequired\":true,\"valueName\":\"search_term_string\"}}],\"inLanguage\":\"hr\"},{\"@type\":\"Organization\",\"@id\":\"https:\/\/www.park-kringa.com\/hr\/#organization\",\"name\":\"Adrenalin Park Kringa\",\"url\":\"https:\/\/www.park-kringa.com\/hr\/\",\"logo\":{\"@type\":\"ImageObject\",\"inLanguage\":\"hr\",\"@id\":\"https:\/\/www.park-kringa.com\/hr\/#\/schema\/logo\/image\/\",\"url\":\"https:\/\/www.park-kringa.com\/wp-content\/uploads\/2022\/06\/cropped-LOGO-APK-BEZ-POZADINE-e1655197137670-1.png\",\"contentUrl\":\"https:\/\/www.park-kringa.com\/wp-content\/uploads\/2022\/06\/cropped-LOGO-APK-BEZ-POZADINE-e1655197137670-1.png\",\"width\":345,\"height\":369,\"caption\":\"Adrenalin Park Kringa\"},\"image\":{\"@id\":\"https:\/\/www.park-kringa.com\/hr\/#\/schema\/logo\/image\/\"}}]}<\/script>\n<!-- \/ Yoast SEO plugin. -->","yoast_head_json":{"title":"Cjenik - Adrenalin Park Kringa","description":"Odrasli - 150 kn, Djeca 130 kn, Paket za bebe 100 kn, Velika ljulja\u010dka 40 kn, Zipline 50 kn. Posjetite nas u na\u0161em Parku i u\u017eivajte!!!","robots":{"index":"index","follow":"follow","max-snippet":"max-snippet:-1","max-image-preview":"max-image-preview:large","max-video-preview":"max-video-preview:-1"},"canonical":"https:\/\/www.park-kringa.com\/hr\/cjenik\/","og_locale":"hr_HR","og_type":"article","og_title":"Cjenik - Adrenalin Park Kringa","og_description":"Odrasli - 150 kn, Djeca 130 kn, Paket za bebe 100 kn, Velika ljulja\u010dka 40 kn, Zipline 50 kn. Posjetite nas u na\u0161em Parku i u\u017eivajte!!!","og_url":"https:\/\/www.park-kringa.com\/hr\/cjenik\/","og_site_name":"Adrenalin Park Kringa","article_modified_time":"2026-03-29T07:54:44+00:00","twitter_card":"summary_large_image","twitter_misc":{"Procijenjeno vrijeme \u010ditanja":"1 minuta"},"schema":{"@context":"https:\/\/schema.org","@graph":[{"@type":"WebPage","@id":"https:\/\/www.park-kringa.com\/hr\/cjenik\/","url":"https:\/\/www.park-kringa.com\/hr\/cjenik\/","name":"Cjenik - Adrenalin Park Kringa","isPartOf":{"@id":"https:\/\/www.park-kringa.com\/hr\/#website"},"datePublished":"2022-06-15T06:58:57+00:00","dateModified":"2026-03-29T07:54:44+00:00","description":"Odrasli - 150 kn, Djeca 130 kn, Paket za bebe 100 kn, Velika ljulja\u010dka 40 kn, Zipline 50 kn. Posjetite nas u na\u0161em Parku i u\u017eivajte!!!","breadcrumb":{"@id":"https:\/\/www.park-kringa.com\/hr\/cjenik\/#breadcrumb"},"inLanguage":"hr","potentialAction":[{"@type":"ReadAction","target":["https:\/\/www.park-kringa.com\/hr\/cjenik\/"]}]},{"@type":"BreadcrumbList","@id":"https:\/\/www.park-kringa.com\/hr\/cjenik\/#breadcrumb","itemListElement":[{"@type":"ListItem","position":1,"name":"Home","item":"https:\/\/www.park-kringa.com\/hr\/"},{"@type":"ListItem","position":2,"name":"Cjenik"}]},{"@type":"WebSite","@id":"https:\/\/www.park-kringa.com\/hr\/#website","url":"https:\/\/www.park-kringa.com\/hr\/","name":"Adrenalin Park Kringa","description":"Family Adventure Park","publisher":{"@id":"https:\/\/www.park-kringa.com\/hr\/#organization"},"potentialAction":[{"@type":"SearchAction","target":{"@type":"EntryPoint","urlTemplate":"https:\/\/www.park-kringa.com\/hr\/?s={search_term_string}"},"query-input":{"@type":"PropertyValueSpecification","valueRequired":true,"valueName":"search_term_string"}}],"inLanguage":"hr"},{"@type":"Organization","@id":"https:\/\/www.park-kringa.com\/hr\/#organization","name":"Adrenalin Park Kringa","url":"https:\/\/www.park-kringa.com\/hr\/","logo":{"@type":"ImageObject","inLanguage":"hr","@id":"https:\/\/www.park-kringa.com\/hr\/#\/schema\/logo\/image\/","url":"https:\/\/www.park-kringa.com\/wp-content\/uploads\/2022\/06\/cropped-LOGO-APK-BEZ-POZADINE-e1655197137670-1.png","contentUrl":"https:\/\/www.park-kringa.com\/wp-content\/uploads\/2022\/06\/cropped-LOGO-APK-BEZ-POZADINE-e1655197137670-1.png","width":345,"height":369,"caption":"Adrenalin Park Kringa"},"image":{"@id":"https:\/\/www.park-kringa.com\/hr\/#\/schema\/logo\/image\/"}}]}},"_links":{"self":[{"href":"https:\/\/www.park-kringa.com\/hr\/wp-json\/wp\/v2\/pages\/1168","targetHints":{"allow":["GET"]}}],"collection":[{"href":"https:\/\/www.park-kringa.com\/hr\/wp-json\/wp\/v2\/pages"}],"about":[{"href":"https:\/\/www.park-kringa.com\/hr\/wp-json\/wp\/v2\/types\/page"}],"author":[{"embeddable":true,"href":"https:\/\/www.park-kringa.com\/hr\/wp-json\/wp\/v2\/users\/1"}],"replies":[{"embeddable":true,"href":"https:\/\/www.park-kringa.com\/hr\/wp-json\/wp\/v2\/comments?post=1168"}],"version-history":[{"count":3,"href":"https:\/\/www.park-kringa.com\/hr\/wp-json\/wp\/v2\/pages\/1168\/revisions"}],"predecessor-version":[{"id":1451,"href":"https:\/\/www.park-kringa.com\/hr\/wp-json\/wp\/v2\/pages\/1168\/revisions\/1451"}],"wp:attachment":[{"href":"https:\/\/www.park-kringa.com\/hr\/wp-json\/wp\/v2\/media?parent=1168"}],"curies":[{"name":"wp","href":"https:\/\/api.w.org\/{rel}","templated":true}]}}